{"id":1003,"date":"2019-01-23T16:56:32","date_gmt":"2019-01-23T16:56:32","guid":{"rendered":"https:\/\/kulturaskoledza.lv\/en\/?page_id=1003"},"modified":"2023-08-07T11:23:11","modified_gmt":"2023-08-07T11:23:11","slug":"tuition-fees","status":"publish","type":"page","link":"https:\/\/kulturaskoledza.lv\/en\/students\/tuition-fees\/","title":{"rendered":"Tuition fees"},"content":{"rendered":"<p><strong>TUITION FEES<\/strong><\/p>\n<ul>\n<li>1900, &#8211; EUR per year<\/li>\n<li>950, &#8211; EUR per one semester (12 weeks)<\/li>\n<\/ul>\n<p>Registration fee &#8211; 150, &#8211; EUR<\/p>\n<p>Semester<\/p>\n<ul>\n<li>February \u2013 June<\/li>\n<li>September \u2013 January<\/li>\n<\/ul>\n<p><strong>FOR BANK TRANSFERS <\/strong><\/p>\n<p>Beneficiary: Latvian College of Culture at the Latvian Academy of Culture<\/p>\n<p>Registration No. <strong>90000039982<\/strong><\/p>\n<p>Bank: AS \u201cSEB banka\u201d<\/p>\n<p>Bank address: Meistaru iela 1, Valdlau\u010di, \u0136ekavas pag., \u0136ekavas nov., LV-1076, Latvia<\/p>\n<p>Account number in IBAN format:<strong> LV17UNLA0055003691128<\/strong><\/p>\n<p>BIC\/ SWIFT:\u00a0UNLALV2X<\/p>\n<p>IMPORTANT! When paying for registration or tuition, student MUST write on respective payment details &#8211; \u00a0<strong>EKK 21351, student`s name <\/strong>and <strong>surname. <\/strong><\/p>\n<p>For example: EKK 21251, John Minch<\/p>\n<p>&nbsp;<\/p>\n<p>&nbsp;<\/p>\n<p>&nbsp;<\/p>\n<p>&nbsp;<\/p>\n","protected":false},"excerpt":{"rendered":"<p>TUITION FEES 1900, &#8211; EUR per year 950, &#8211; EUR per one semester (12 weeks) Registration fee &#8211; 150, &#8211; EUR Semester February \u2013 June September \u2013 January FOR BANK TRANSFERS Beneficiary: Latvian College of Culture at the Latvian Academy of Culture Registration No. 90000039982 Bank: AS \u201cSEB banka\u201d Bank address: Meistaru iela 1, Valdlau\u010di, [&hellip;]<\/p>\n","protected":false},"author":1,"featured_media":0,"parent":974,"menu_order":0,"comment_status":"closed","ping_status":"closed","template":"","meta":{"inline_featured_image":false,"footnotes":""},"class_list":["post-1003","page","type-page","status-publish","hentry"],"_links":{"self":[{"href":"https:\/\/kulturaskoledza.lv\/en\/wp-json\/wp\/v2\/pages\/1003","targetHints":{"allow":["GET"]}}],"collection":[{"href":"https:\/\/kulturaskoledza.lv\/en\/wp-json\/wp\/v2\/pages"}],"about":[{"href":"https:\/\/kulturaskoledza.lv\/en\/wp-json\/wp\/v2\/types\/page"}],"author":[{"embeddable":true,"href":"https:\/\/kulturaskoledza.lv\/en\/wp-json\/wp\/v2\/users\/1"}],"replies":[{"embeddable":true,"href":"https:\/\/kulturaskoledza.lv\/en\/wp-json\/wp\/v2\/comments?post=1003"}],"version-history":[{"count":3,"href":"https:\/\/kulturaskoledza.lv\/en\/wp-json\/wp\/v2\/pages\/1003\/revisions"}],"predecessor-version":[{"id":1381,"href":"https:\/\/kulturaskoledza.lv\/en\/wp-json\/wp\/v2\/pages\/1003\/revisions\/1381"}],"up":[{"embeddable":true,"href":"https:\/\/kulturaskoledza.lv\/en\/wp-json\/wp\/v2\/pages\/974"}],"wp:attachment":[{"href":"https:\/\/kulturaskoledza.lv\/en\/wp-json\/wp\/v2\/media?parent=1003"}],"curies":[{"name":"wp","href":"https:\/\/api.w.org\/{rel}","templated":true}]}}